{"id":2450,"date":"2021-10-27T13:09:27","date_gmt":"2021-10-27T13:09:27","guid":{"rendered":"https:\/\/wp.themedemo.org\/WCM07\/WCM070151\/?page_id=2450"},"modified":"2023-12-13T13:11:04","modified_gmt":"2023-12-13T13:11:04","slug":"kontakt","status":"publish","type":"page","link":"https:\/\/swietyjerzy.elblag.pl\/index.php\/kontakt\/","title":{"rendered":"Kontakt"},"content":{"rendered":"\t\t<div data-elementor-type=\"wp-page\" data-elementor-id=\"2450\" class=\"elementor elementor-2450\">\n\t\t\t\t\t\t\t\t\t<div class=\"elementor-section elementor-top-section elementor-element elementor-element-270e0d3 elementor-section-boxed elementor-section-height-default elementor-section-height-default\" data-id=\"270e0d3\" data-element_type=\"section\">\n\t\t\t\t\t\t<div class=\"elementor-container elementor-column-gap-default\">\n\t\t\t\t\t<div class=\"elementor-column elementor-col-100 elementor-top-column elementor-element elementor-element-9f93685\" data-id=\"9f93685\" data-element_type=\"column\">\n\t\t\t<div class=\"elementor-widget-wrap elementor-element-populated\">\n\t\t\t\t\t\t\t\t<div class=\"elementor-element elementor-element-cc2b167 elementor-widget elementor-widget-google_maps\" data-id=\"cc2b167\" data-element_type=\"widget\" data-widget_type=\"google_maps.default\">\n\t\t\t\t<div class=\"elementor-widget-container\">\n\t\t\t<style>\/*! elementor - v3.18.0 - 08-12-2023 *\/\n.elementor-widget-google_maps .elementor-widget-container{overflow:hidden}.elementor-widget-google_maps .elementor-custom-embed{line-height:0}.elementor-widget-google_maps iframe{height:300px}<\/style>\t\t<div class=\"elementor-custom-embed\">\n\t\t\t<iframe loading=\"lazy\"\n\t\t\t\t\tsrc=\"https:\/\/maps.google.com\/maps?q=Elbl%C4%85g%2C%20ul.%20Gen.%20J.%20Bema%2010%20Parafia%20%C5%9Bw.%20Jerzego&#038;t=m&#038;z=15&#038;output=embed&#038;iwloc=near\"\n\t\t\t\t\ttitle=\"Elbl\u0105g, ul. Gen. J. Bema 10 Parafia \u015bw. Jerzego\"\n\t\t\t\t\taria-label=\"Elbl\u0105g, ul. Gen. J. Bema 10 Parafia \u015bw. Jerzego\"\n\t\t\t><\/iframe>\n\t\t<\/div>\n\t\t\t\t<\/div>\n\t\t\t\t<\/div>\n\t\t\t\t\t<\/div>\n\t\t<\/div>\n\t\t\t\t\t\t\t<\/div>\n\t\t<\/div>\n\t\t\t\t<div class=\"elementor-section elementor-top-section elementor-element elementor-element-49f2e940 elementor-section-boxed elementor-section-height-default elementor-section-height-default\" data-id=\"49f2e940\" data-element_type=\"section\">\n\t\t\t\t\t\t<div class=\"elementor-container elementor-column-gap-default\">\n\t\t\t\t\t<div class=\"elementor-column elementor-col-50 elementor-top-column elementor-element elementor-element-36792fe9\" data-id=\"36792fe9\" data-element_type=\"column\" data-settings=\"{&quot;background_background&quot;:&quot;classic&quot;}\">\n\t\t\t<div class=\"elementor-widget-wrap elementor-element-populated\">\n\t\t\t\t\t\t<div class=\"elementor-element elementor-element-6344143 e-flex e-con-boxed e-con e-parent\" data-id=\"6344143\" data-element_type=\"container\" data-settings=\"{&quot;content_width&quot;:&quot;boxed&quot;}\" data-core-v316-plus=\"true\">\n\t\t\t\t\t<div class=\"e-con-inner\">\n\t\t\t\t<div class=\"elementor-element elementor-element-3c194e7 elementor-widget elementor-widget-image\" data-id=\"3c194e7\" data-element_type=\"widget\" data-widget_type=\"image.default\">\n\t\t\t\t<div class=\"elementor-widget-container\">\n\t\t\t<style>\/*! elementor - v3.18.0 - 08-12-2023 *\/\n.elementor-widget-image{text-align:center}.elementor-widget-image a{display:inline-block}.elementor-widget-image a img[src$=\".svg\"]{width:48px}.elementor-widget-image img{vertical-align:middle;display:inline-block}<\/style>\t\t\t\t\t\t\t\t\t\t\t\t<img fetchpriority=\"high\" decoding=\"async\" width=\"682\" height=\"1024\" src=\"https:\/\/swietyjerzy.elblag.pl\/wp-content\/uploads\/2023\/12\/koscsw1-682x1024.jpg\" class=\"attachment-large size-large wp-image-13611\" alt=\"\" srcset=\"https:\/\/swietyjerzy.elblag.pl\/wp-content\/uploads\/2023\/12\/koscsw1-682x1024.jpg 682w, https:\/\/swietyjerzy.elblag.pl\/wp-content\/uploads\/2023\/12\/koscsw1-200x300.jpg 200w, https:\/\/swietyjerzy.elblag.pl\/wp-content\/uploads\/2023\/12\/koscsw1-768x1152.jpg 768w, https:\/\/swietyjerzy.elblag.pl\/wp-content\/uploads\/2023\/12\/koscsw1-1024x1536.jpg 1024w, https:\/\/swietyjerzy.elblag.pl\/wp-content\/uploads\/2023\/12\/koscsw1.jpg 1123w\" sizes=\"(max-width: 682px) 100vw, 682px\" \/>\t\t\t\t\t\t\t\t\t\t\t\t\t\t\t<\/div>\n\t\t\t\t<\/div>\n\t\t\t\t\t<\/div>\n\t\t\t\t<\/div>\n\t\t\t\t\t<\/div>\n\t\t<\/div>\n\t\t\t\t<div class=\"elementor-column elementor-col-50 elementor-top-column elementor-element elementor-element-3c8d62b contactus\" data-id=\"3c8d62b\" data-element_type=\"column\">\n\t\t\t<div class=\"elementor-widget-wrap elementor-element-populated\">\n\t\t\t\t\t\t\t\t<div class=\"elementor-element elementor-element-50ecdf9 elementor-widget elementor-widget-heading\" data-id=\"50ecdf9\" data-element_type=\"widget\" data-widget_type=\"heading.default\">\n\t\t\t\t<div class=\"elementor-widget-container\">\n\t\t\t<style>\/*! elementor - v3.18.0 - 08-12-2023 *\/\n.elementor-heading-title{padding:0;margin:0;line-height:1}.elementor-widget-heading .elementor-heading-title[class*=elementor-size-]>a{color:inherit;font-size:inherit;line-height:inherit}.elementor-widget-heading .elementor-heading-title.elementor-size-small{font-size:15px}.elementor-widget-heading .elementor-heading-title.elementor-size-medium{font-size:19px}.elementor-widget-heading .elementor-heading-title.elementor-size-large{font-size:29px}.elementor-widget-heading .elementor-heading-title.elementor-size-xl{font-size:39px}.elementor-widget-heading .elementor-heading-title.elementor-size-xxl{font-size:59px}<\/style><h2 class=\"elementor-heading-title elementor-size-default\">Kontakt<\/h2>\t\t<\/div>\n\t\t\t\t<\/div>\n\t\t\t\t<div class=\"elementor-element elementor-element-986e27d elementor-position-left elementor-view-default elementor-mobile-position-top elementor-vertical-align-top elementor-widget elementor-widget-icon-box\" data-id=\"986e27d\" data-element_type=\"widget\" data-widget_type=\"icon-box.default\">\n\t\t\t\t<div class=\"elementor-widget-container\">\n\t\t\t<link rel=\"stylesheet\" href=\"https:\/\/swietyjerzy.elblag.pl\/wp-content\/plugins\/elementor\/assets\/css\/widget-icon-box.min.css\">\t\t<div class=\"elementor-icon-box-wrapper\">\n\t\t\t\t\t\t<div class=\"elementor-icon-box-icon\">\n\t\t\t\t<span  class=\"elementor-icon elementor-animation-\">\n\t\t\t\t<svg xmlns=\"http:\/\/www.w3.org\/2000\/svg\" xmlns:xlink=\"http:\/\/www.w3.org\/1999\/xlink\" x=\"0px\" y=\"0px\" viewBox=\"0 0 1000 1000\" xml:space=\"preserve\"><metadata> Svg Vector Icons : http:\/\/www.onlinewebfonts.com\/icon <\/metadata><g><path d=\"M797.6,205.3c-5.2-12.8-19.7-19-32.4-13.9c-12.8,5.1-19,19.6-13.9,32.4c15.3,38.1,23.2,74.3,23.2,110.5c0,46.8-28.9,118.8-80.9,207.3c-19,32.3-40.6,66.1-64.5,101c-32.4,47.6-67.2,94.8-102,139.4c-9.6,12.3-18.7,23.8-27.1,34.2c-8.4-10.4-17.5-21.9-27.1-34.2c-34.8-44.6-69.6-91.8-102-139.4c-23.8-34.9-45.5-68.8-64.4-101c-52-88.5-80.9-160.5-80.9-207.3c0-150.9,123.5-274.4,274.4-274.4c51.1,0,101.5,15.3,146.4,43.5c11.6,7.4,27,3.9,34.4-7.8c7.3-11.6,3.9-27-7.8-34.4C620.3,28,560.8,10,500,10c-178.4,0-324.3,145.9-324.3,324.3c0,58.3,31.6,136.9,87.8,232.6c19.6,33.2,41.8,68,66.2,103.9c33.1,48.5,68.4,96.5,103.8,141.9c12.4,15.9,23.9,30.4,34.2,43.1c6.2,7.7,10.7,13.1,13.1,16c10,11.9,28.2,11.9,38.2,0c2.4-2.9,6.9-8.3,13.2-16c10.3-12.7,21.8-27.1,34.2-43.1c35.4-45.4,70.7-93.3,103.8-141.9c24.4-35.9,46.7-70.6,66.2-103.9c56.2-95.7,87.8-174.2,87.8-232.6C824.3,291.3,815,248.9,797.6,205.3L797.6,205.3L797.6,205.3z M350.3,344.3c0,78.5,63.7,142.2,142.2,142.2c78.5,0,142.2-63.7,142.2-142.2c0-78.5-63.7-142.2-142.2-142.2C414,202.1,350.3,265.7,350.3,344.3L350.3,344.3z M584.8,344.3c0,51-41.4,92.3-92.3,92.3c-51,0-92.3-41.3-92.3-92.3c0-51,41.3-92.3,92.3-92.3C543.5,252,584.8,293.3,584.8,344.3L584.8,344.3z\"><\/path><path d=\"M710.8,730.8c34.9,20.6,55.7,46.4,55.7,74.4c0,67.2-119.3,121.6-266.5,121.6c-147.2,0-266.5-54.5-266.5-121.6c0-28,20.8-53.9,55.7-74.4c-69.5,27-113.5,67.1-113.5,111.9C175.7,924.1,320.9,990,500,990c179.1,0,324.3-65.9,324.3-147.3C824.3,797.9,780.3,757.8,710.8,730.8L710.8,730.8z\"><\/path><\/g><\/svg>\t\t\t\t<\/span>\n\t\t\t<\/div>\n\t\t\t\t\t\t<div class=\"elementor-icon-box-content\">\n\t\t\t\t<h4 class=\"elementor-icon-box-title\">\n\t\t\t\t\t<span  >\n\t\t\t\t\t\tAdres\t\t\t\t\t<\/span>\n\t\t\t\t<\/h4>\n\t\t\t\t\t\t\t\t\t<p class=\"elementor-icon-box-description\">\n\t\t\t\t\t\tul. Genera\u0142a J\u00f3zefa Bema 10 <br>\n82-300 Elbl\u0105g\t\t\t\t\t<\/p>\n\t\t\t\t\t\t\t<\/div>\n\t\t<\/div>\n\t\t\t\t<\/div>\n\t\t\t\t<\/div>\n\t\t\t\t<div class=\"elementor-element elementor-element-9a1d2bf elementor-position-left elementor-view-default elementor-mobile-position-top elementor-vertical-align-top elementor-widget elementor-widget-icon-box\" data-id=\"9a1d2bf\" data-element_type=\"widget\" data-widget_type=\"icon-box.default\">\n\t\t\t\t<div class=\"elementor-widget-container\">\n\t\t\t\t\t<div class=\"elementor-icon-box-wrapper\">\n\t\t\t\t\t\t<div class=\"elementor-icon-box-icon\">\n\t\t\t\t<span  class=\"elementor-icon elementor-animation-\">\n\t\t\t\t<svg xmlns=\"http:\/\/www.w3.org\/2000\/svg\" xmlns:xlink=\"http:\/\/www.w3.org\/1999\/xlink\" x=\"0px\" y=\"0px\" viewBox=\"0 0 1000 1000\" xml:space=\"preserve\"><metadata> Svg Vector Icons : http:\/\/www.onlinewebfonts.com\/icon <\/metadata><g><path d=\"M723.4,982.6c-63.2,0-143.9-41.7-200.2-76.7c-75.8-46.6-157.4-110.7-230.3-181.6h-1L269.5,702c-70.9-72.8-136.1-154.4-182.7-230.1c-35-56.3-76.8-136.9-76.8-199c0-66,47.6-136.9,69-164.1c15.5-21.3,71.9-91.3,119.5-91.3c19.4,0,40.8,12.6,68,41.7c24.3,25.3,48.6,56.3,64.1,78.7c20.4,29.1,39.9,60.2,53.4,86.4c22.4,42.7,25.3,61.2,25.3,71.9c0,20.4-10.7,37.9-32.1,52.4c-13.6,9.7-30.1,16.5-46.7,23.3c-10.7,4.9-28.2,12.6-35,17.5c2.9,9.7,12.6,33,39.9,73.8c25.3,36.9,58.3,77.7,88.4,107.8C454.2,600,495,633,532.9,658.3c39.9,27.2,63.2,37.9,72.9,39.8c5.8-6.8,13.6-24.3,17.5-35c7.8-15.5,14.6-33,24.3-46.6c14.6-20.4,32.1-31.1,52.5-31.1c10.7,0,29.2,2,71.9,25.3c27.2,13.6,58.3,33,87.5,53.4c22.4,15.5,53.4,38.8,78.7,63.1c29.1,27.2,41.8,48.5,41.8,68c0,47.6-70,102.9-91.4,119.4C861.4,935,790.5,982.6,723.4,982.6L723.4,982.6z M332.7,684.5c70,67,147.7,129.1,220.6,172.8c70,43.7,132.2,68,170.1,68c34,0,81.6-20.4,128.3-54.4c20.4-15.5,38.8-32,52.5-47.6c12.6-13.6,17.5-23.3,18.4-27.2c-4.9-10.7-34-42.7-101.1-89.3c-26.2-17.5-53.5-34-76.8-46.6c-29.2-14.6-40.8-17.5-43.7-18.4c-1,0.9-3.9,3.9-8.8,11.7c-5.8,8.7-10.7,21.3-15.5,32c-6.8,14.6-12.6,29.1-20.4,40.8c-12.6,19.4-29.2,29.1-46.7,29.1h-0.9c-8.8,0-35.9-1-108.9-49.5c-39.9-27.2-83.6-63.1-115.7-94.2l-1-1c-32.1-33-67.1-75.7-94.3-115.6c-49.6-72.8-50.5-99-50.5-107.8c-1-18.4,8.7-34,29.2-47.6c11.7-7.8,26.2-13.6,40.8-20.4c11.7-4.9,23.3-9.7,32.1-15.5c8.8-4.9,10.7-7.8,11.7-8.7c0-2.9-2.9-14.6-18.5-43.7C322,228.2,305.4,201,287,174.8c-46.7-66-78.7-95.2-89.4-100c-3.9,1-13.6,5.8-28.2,18.4c-15.5,13.6-32.1,32.1-46.7,52.4c-35,46.6-55.4,94.2-55.4,127.2c0,37.9,25.3,99,68,169.9c44.7,71.9,106.9,149.5,174.9,218.5L332.7,684.5z M673.8,479.6c-10.7,0-19.4-6.8-21.4-17.5c-4.9-29.1-21.4-54.4-46.7-70.9c-26.2-16.5-58.3-23.3-89.4-17.5c-11.7,2-22.4-5.8-24.3-17.5c-2-10.7,5.8-21.4,17.5-23.3c41.8-7.8,84.6,1,118.6,23.3c35.9,23.3,59.3,58.3,66.1,99c2,10.7-5.8,22.4-17.5,24.3C675.7,479.6,674.8,479.6,673.8,479.6L673.8,479.6z M800.2,425.2c-10.7,0-19.4-6.8-21.4-16.5c-9.7-56.3-41.8-105.8-91.4-137.9c-49.6-32-110.8-44.7-171-34c-11.7,2-22.4-5.8-24.3-17.5c-2-10.7,5.8-21.3,17.5-23.3c70.9-12.6,141.9,2,201.2,39.8c58.3,38.8,98.2,98.1,109.8,165.1c2,11.6-5.8,22.3-17.5,24.3C802.1,425.2,801.1,425.2,800.2,425.2L800.2,425.2z M968.3,409.7c-9.7,0-18.5-6.8-20.4-16.5c-16.5-96.1-72.9-179.7-156.5-235c-84.6-55.4-187.6-75.7-290.6-58.3c-11.7,2-22.4-4.9-24.3-16.5c-2-11.7,5.8-22.4,17.5-24.3c112.8-19.4,226.5,2.9,319.8,64.1c94.3,62.1,156.5,155.3,175.9,262.2c2,11.7-5.8,22.3-17.5,24.3C971.2,409.7,970.3,409.7,968.3,409.7L968.3,409.7z\"><\/path><\/g><\/svg>\t\t\t\t<\/span>\n\t\t\t<\/div>\n\t\t\t\t\t\t<div class=\"elementor-icon-box-content\">\n\t\t\t\t<h4 class=\"elementor-icon-box-title\">\n\t\t\t\t\t<span  >\n\t\t\t\t\t\tKontakt\t\t\t\t\t<\/span>\n\t\t\t\t<\/h4>\n\t\t\t\t\t\t\t\t\t<p class=\"elementor-icon-box-description\">\n\t\t\t\t\t\t55 621 25 95\t\t\t\t\t<\/p>\n\t\t\t\t\t\t\t<\/div>\n\t\t<\/div>\n\t\t\t\t<\/div>\n\t\t\t\t<\/div>\n\t\t\t\t<div class=\"elementor-element elementor-element-692dadc elementor-position-left elementor-view-default elementor-mobile-position-top elementor-vertical-align-top elementor-widget elementor-widget-icon-box\" data-id=\"692dadc\" data-element_type=\"widget\" data-widget_type=\"icon-box.default\">\n\t\t\t\t<div class=\"elementor-widget-container\">\n\t\t\t\t\t<div class=\"elementor-icon-box-wrapper\">\n\t\t\t\t\t\t<div class=\"elementor-icon-box-icon\">\n\t\t\t\t<span  class=\"elementor-icon elementor-animation-\">\n\t\t\t\t<svg xmlns=\"http:\/\/www.w3.org\/2000\/svg\" xmlns:xlink=\"http:\/\/www.w3.org\/1999\/xlink\" x=\"0px\" y=\"0px\" viewBox=\"0 0 1000 1000\" xml:space=\"preserve\"><metadata> Svg Vector Icons : http:\/\/www.onlinewebfonts.com\/icon <\/metadata><g><path d=\"M626.8,29.3C500.4-4.4,368.4,12.9,255,78C141.7,143.1,60.6,248.1,26.8,373.9c-70,259.5,85.5,527.2,346.4,596.8c42.2,11.3,84.9,16.8,127.3,16.8c88.8,0,176.3-24.4,254.8-72c11.5-7,15.2-22,8.1-33.5c-7.1-11.5-22.1-15.1-33.7-8.1c-104.3,63.4-226.4,81.1-343.8,49.7C151,861,11.1,620.1,74.1,386.5c30.5-113.2,103.4-207.7,205.4-266.3c102-58.6,220.9-74.1,334.6-43.8C727.9,106.7,823,179.3,881.9,280.7c58.9,101.5,74.5,219.6,44,332.8c-10.8,40-27.5,78.6-49.7,114.8c-7,11.5-3.4,26.5,8.2,33.5c11.6,7,26.6,3.3,33.7-8.1c24.6-40.2,43.2-83.1,55.1-127.5C1043.2,366.6,887.8,98.8,626.8,29.3z M500,183.3c-13.5,0-24.5,10.9-24.5,24.4V500c0,13.5,11,24.4,24.5,24.4h245c13.5,0,24.5-10.9,24.5-24.4c0-13.4-11-24.4-24.5-24.4H524.5v-268C524.5,194.2,513.5,183.3,500,183.3z\"><\/path><\/g><\/svg>\t\t\t\t<\/span>\n\t\t\t<\/div>\n\t\t\t\t\t\t<div class=\"elementor-icon-box-content\">\n\t\t\t\t<h4 class=\"elementor-icon-box-title\">\n\t\t\t\t\t<span  >\n\t\t\t\t\t\tKancelaria Parafialna - kontakt\t\t\t\t\t<\/span>\n\t\t\t\t<\/h4>\n\t\t\t\t\t\t\t\t\t<p class=\"elementor-icon-box-description\">\n\t\t\t\t\t\t\n<b> \u015aroda i pi\u0105tek: <\/b> 15:00-17:00 <br>\n<b>Sobota:<\/B> 9.00-11.00 <br>\n<br>\nW przypadku <b>udzielenia sakramentu chorych<\/B> lub w kwestii <b>zg\u0142oszenia pogrzebu katolickiego<\/b> o ka\u017cdej porze. \t\t\t\t\t<\/p>\n\t\t\t\t\t\t\t<\/div>\n\t\t<\/div>\n\t\t\t\t<\/div>\n\t\t\t\t<\/div>\n\t\t\t\t\t<\/div>\n\t\t<\/div>\n\t\t\t\t\t\t\t<\/div>\n\t\t<\/div>\n\t\t<div class=\"elementor-element elementor-element-ffef157 e-flex e-con-boxed e-con e-parent\" data-id=\"ffef157\" data-element_type=\"container\" data-settings=\"{&quot;content_width&quot;:&quot;boxed&quot;}\" data-core-v316-plus=\"true\">\n\t\t\t\t\t<div class=\"e-con-inner\">\n\t\t\t\t<div class=\"elementor-element elementor-element-d9cb557 elementor-widget elementor-widget-spacer\" data-id=\"d9cb557\" data-element_type=\"widget\" data-widget_type=\"spacer.default\">\n\t\t\t\t<div class=\"elementor-widget-container\">\n\t\t\t<style>\/*! elementor - v3.18.0 - 08-12-2023 *\/\n.elementor-column .elementor-spacer-inner{height:var(--spacer-size)}.e-con{--container-widget-width:100%}.e-con-inner>.elementor-widget-spacer,.e-con>.elementor-widget-spacer{width:var(--container-widget-width,var(--spacer-size));--align-self:var(--container-widget-align-self,initial);--flex-shrink:0}.e-con-inner>.elementor-widget-spacer>.elementor-widget-container,.e-con>.elementor-widget-spacer>.elementor-widget-container{height:100%;width:100%}.e-con-inner>.elementor-widget-spacer>.elementor-widget-container>.elementor-spacer,.e-con>.elementor-widget-spacer>.elementor-widget-container>.elementor-spacer{height:100%}.e-con-inner>.elementor-widget-spacer>.elementor-widget-container>.elementor-spacer>.elementor-spacer-inner,.e-con>.elementor-widget-spacer>.elementor-widget-container>.elementor-spacer>.elementor-spacer-inner{height:var(--container-widget-height,var(--spacer-size))}.e-con-inner>.elementor-widget-spacer.elementor-widget-empty,.e-con>.elementor-widget-spacer.elementor-widget-empty{position:relative;min-height:22px;min-width:22px}.e-con-inner>.elementor-widget-spacer.elementor-widget-empty .elementor-widget-empty-icon,.e-con>.elementor-widget-spacer.elementor-widget-empty .elementor-widget-empty-icon{position:absolute;top:0;bottom:0;left:0;right:0;margin:auto;padding:0;width:22px;height:22px}<\/style>\t\t<div class=\"elementor-spacer\">\n\t\t\t<div class=\"elementor-spacer-inner\"><\/div>\n\t\t<\/div>\n\t\t\t\t<\/div>\n\t\t\t\t<\/div>\n\t\t\t\t\t<\/div>\n\t\t\t\t<\/div>\n\t\t<div class=\"elementor-element elementor-element-2127500 e-flex e-con-boxed e-con e-parent\" data-id=\"2127500\" data-element_type=\"container\" data-settings=\"{&quot;content_width&quot;:&quot;boxed&quot;}\" data-core-v316-plus=\"true\">\n\t\t\t\t\t<div class=\"e-con-inner\">\n\t\t\t\t<div class=\"elementor-element elementor-element-2f87096 elementor-widget elementor-widget-heading\" data-id=\"2f87096\" data-element_type=\"widget\" data-widget_type=\"heading.default\">\n\t\t\t\t<div class=\"elementor-widget-container\">\n\t\t\t<h5 class=\"elementor-heading-title elementor-size-default\">Administrator strony internetowej:<\/h5>\t\t<\/div>\n\t\t\t\t<\/div>\n\t\t\t\t\t<\/div>\n\t\t\t\t<\/div>\n\t\t<div class=\"elementor-element elementor-element-92a02f3 e-flex e-con-boxed e-con e-parent\" data-id=\"92a02f3\" data-element_type=\"container\" data-settings=\"{&quot;content_width&quot;:&quot;boxed&quot;}\" data-core-v316-plus=\"true\">\n\t\t\t\t\t<div class=\"e-con-inner\">\n\t\t\t\t<div class=\"elementor-element elementor-element-9964644 elementor-widget elementor-widget-text-editor\" data-id=\"9964644\" data-element_type=\"widget\" data-widget_type=\"text-editor.default\">\n\t\t\t\t<div class=\"elementor-widget-container\">\n\t\t\t<style>\/*! elementor - v3.18.0 - 08-12-2023 *\/\n.elementor-widget-text-editor.elementor-drop-cap-view-stacked .elementor-drop-cap{background-color:#69727d;color:#fff}.elementor-widget-text-editor.elementor-drop-cap-view-framed .elementor-drop-cap{color:#69727d;border:3px solid;background-color:transparent}.elementor-widget-text-editor:not(.elementor-drop-cap-view-default) .elementor-drop-cap{margin-top:8px}.elementor-widget-text-editor:not(.elementor-drop-cap-view-default) .elementor-drop-cap-letter{width:1em;height:1em}.elementor-widget-text-editor .elementor-drop-cap{float:left;text-align:center;line-height:1;font-size:50px}.elementor-widget-text-editor .elementor-drop-cap-letter{display:inline-block}<\/style>\t\t\t\t<p style=\"text-align: center;\">\u00a0ks. Proboszcz \/ e-mail: <a href=\"mailto:lechwa@op.pl\">andrzej.kilanowski<\/a><a href=\"mailto:lechwa@op.pl\">@gmail.com<\/a><\/p>\t\t\t\t\t\t<\/div>\n\t\t\t\t<\/div>\n\t\t\t\t\t<\/div>\n\t\t\t\t<\/div>\n\t\t\t\t\t\t\t<\/div>\n\t\t","protected":false},"excerpt":{"rendered":"<p>Kontakt Svg Vector Icons : http:\/\/www.onlinewebfonts.com\/icon Adres ul. Genera\u0142a J\u00f3zefa Bema 10 82-300 Elbl\u0105g Svg Vector Icons : http:\/\/www.onlinewebfonts.com\/icon Kontakt 55 621 25 95 Svg Vector Icons : http:\/\/www.onlinewebfonts.com\/icon Kancelaria Parafialna &#8211; kontakt \u015aroda i pi\u0105tek: 15:00-17:00 Sobota: 9.00-11.00 W przypadku udzielenia sakramentu chorych lub w kwestii zg\u0142oszenia pogrzebu katolickiego o ka\u017cdej porze. Administrator strony&#8230;<\/p>\n","protected":false},"author":1,"featured_media":0,"parent":0,"menu_order":0,"comment_status":"closed","ping_status":"closed","template":"","meta":{"_tbt_post_transparent":"","_tbt_post_title":"","_tbt_post_layout":"","_tbt_post_sidebar_id":"","_tbt_post_content_style":"","_tbt_post_vertical_padding":"","_tbt_post_feature":"","_tbt_post_feature_position":"","_tbt_post_header":false,"_tbt_post_footer":false},"class_list":["post-2450","page","type-page","status-publish","hentry"],"_links":{"self":[{"href":"https:\/\/swietyjerzy.elblag.pl\/index.php\/wp-json\/wp\/v2\/pages\/2450","targetHints":{"allow":["GET"]}}],"collection":[{"href":"https:\/\/swietyjerzy.elblag.pl\/index.php\/wp-json\/wp\/v2\/pages"}],"about":[{"href":"https:\/\/swietyjerzy.elblag.pl\/index.php\/wp-json\/wp\/v2\/types\/page"}],"author":[{"embeddable":true,"href":"https:\/\/swietyjerzy.elblag.pl\/index.php\/wp-json\/wp\/v2\/users\/1"}],"replies":[{"embeddable":true,"href":"https:\/\/swietyjerzy.elblag.pl\/index.php\/wp-json\/wp\/v2\/comments?post=2450"}],"version-history":[{"count":13,"href":"https:\/\/swietyjerzy.elblag.pl\/index.php\/wp-json\/wp\/v2\/pages\/2450\/revisions"}],"predecessor-version":[{"id":13845,"href":"https:\/\/swietyjerzy.elblag.pl\/index.php\/wp-json\/wp\/v2\/pages\/2450\/revisions\/13845"}],"wp:attachment":[{"href":"https:\/\/swietyjerzy.elblag.pl\/index.php\/wp-json\/wp\/v2\/media?parent=2450"}],"curies":[{"name":"wp","href":"https:\/\/api.w.org\/{rel}","templated":true}]}}